{"id":1145,"date":"2024-12-13T13:23:53","date_gmt":"2024-12-13T12:23:53","guid":{"rendered":"https:\/\/vieux-moulin.be\/?page_id=1145"},"modified":"2025-04-10T12:51:34","modified_gmt":"2025-04-10T10:51:34","slug":"mentions-legales","status":"publish","type":"page","link":"https:\/\/vieux-moulin.be\/fr\/mentions-legales\/","title":{"rendered":"Mentions l\u00e9gales"},"content":{"rendered":"<h2>\u00c9diteur responsable<\/h2>\n<p><strong>Gillian Fuhrmann<\/strong><\/p>\n<p>Vieux Moulin Weywertz GmbH<br \/>\nM\u00fchlenstra\u00dfe 32<br \/>\n4750 Weywertz<br \/>\nBelgique<\/p>\n<p>T\u00e9l\u00e9phone: <a href=\u00ab tel:+3208229907 \u00bb>+32 (0)80 22 99 07<\/a><br \/>\nE-Mail: <a href=\u00ab mailto:info@hlvm.be \u00bb>info@hlvm.be<\/a><\/p>\n<p><span data-olk-copy-source=\u00ab MessageBody \u00bb>MwSt. \/ TVA \u2192 BE 1017.363.021<\/span><\/p>\n","protected":false},"excerpt":{"rendered":"\u00c9diteur responsable Gillian Fuhrmann Vieux Moulin Weywertz GmbH M\u00fchlenstra\u00dfe 32 4750 Weywertz Belgique T\u00e9l\u00e9phone: +32 (0)80 22 99 07 E-Mail: info@hlvm.be MwSt. \/ TVA \u2192 BE 1017.363.021","protected":false},"author":1,"featured_media":0,"parent":0,"menu_order":0,"comment_status":"closed","ping_status":"closed","template":"imprint.php","meta":{"_acf_changed":false,"footnotes":""},"class_list":["post-1145","page","type-page","status-publish","hentry"],"acf":[],"_links":{"self":[{"href":"https:\/\/vieux-moulin.be\/fr\/wp-json\/wp\/v2\/pages\/1145","targetHints":{"allow":["GET"]}}],"collection":[{"href":"https:\/\/vieux-moulin.be\/fr\/wp-json\/wp\/v2\/pages"}],"about":[{"href":"https:\/\/vieux-moulin.be\/fr\/wp-json\/wp\/v2\/types\/page"}],"author":[{"embeddable":true,"href":"https:\/\/vieux-moulin.be\/fr\/wp-json\/wp\/v2\/users\/1"}],"replies":[{"embeddable":true,"href":"https:\/\/vieux-moulin.be\/fr\/wp-json\/wp\/v2\/comments?post=1145"}],"version-history":[{"count":1,"href":"https:\/\/vieux-moulin.be\/fr\/wp-json\/wp\/v2\/pages\/1145\/revisions"}],"predecessor-version":[{"id":1146,"href":"https:\/\/vieux-moulin.be\/fr\/wp-json\/wp\/v2\/pages\/1145\/revisions\/1146"}],"wp:attachment":[{"href":"https:\/\/vieux-moulin.be\/fr\/wp-json\/wp\/v2\/media?parent=1145"}],"curies":[{"name":"wp","href":"https:\/\/api.w.org\/{rel}","templated":true}]}}