{"id":1125,"date":"2025-02-13T14:25:05","date_gmt":"2025-02-13T13:25:05","guid":{"rendered":"https:\/\/vieux-moulin.be\/?page_id=1125"},"modified":"2025-04-10T10:56:40","modified_gmt":"2025-04-10T08:56:40","slug":"actualites","status":"publish","type":"page","link":"https:\/\/vieux-moulin.be\/fr\/actualites\/","title":{"rendered":"Actualit\u00e9s"},"content":{"rendered":"<p>Restez inform\u00e9s ! Vous trouverez ici les derni\u00e8res actualit\u00e9s, des offres sp\u00e9ciales et des informations int\u00e9ressantes sur notre h\u00f4tel. N&rsquo;h\u00e9sitez pas \u00e0 revenir r\u00e9guli\u00e8rement, cela en vaut la peine !<\/p>\n","protected":false},"excerpt":{"rendered":"Restez inform\u00e9s ! Vous trouverez ici les derni\u00e8res actualit\u00e9s, des offres sp\u00e9ciales et des informations int\u00e9ressantes sur notre h\u00f4tel. N&rsquo;h\u00e9sitez pas \u00e0 revenir r\u00e9guli\u00e8rement, cela en vaut la peine !","protected":false},"author":1,"featured_media":0,"parent":0,"menu_order":0,"comment_status":"closed","ping_status":"closed","template":"archive-news.php","meta":{"_acf_changed":false,"footnotes":""},"class_list":["post-1125","page","type-page","status-publish","hentry"],"acf":[],"_links":{"self":[{"href":"https:\/\/vieux-moulin.be\/fr\/wp-json\/wp\/v2\/pages\/1125","targetHints":{"allow":["GET"]}}],"collection":[{"href":"https:\/\/vieux-moulin.be\/fr\/wp-json\/wp\/v2\/pages"}],"about":[{"href":"https:\/\/vieux-moulin.be\/fr\/wp-json\/wp\/v2\/types\/page"}],"author":[{"embeddable":true,"href":"https:\/\/vieux-moulin.be\/fr\/wp-json\/wp\/v2\/users\/1"}],"replies":[{"embeddable":true,"href":"https:\/\/vieux-moulin.be\/fr\/wp-json\/wp\/v2\/comments?post=1125"}],"version-history":[{"count":1,"href":"https:\/\/vieux-moulin.be\/fr\/wp-json\/wp\/v2\/pages\/1125\/revisions"}],"predecessor-version":[{"id":1126,"href":"https:\/\/vieux-moulin.be\/fr\/wp-json\/wp\/v2\/pages\/1125\/revisions\/1126"}],"wp:attachment":[{"href":"https:\/\/vieux-moulin.be\/fr\/wp-json\/wp\/v2\/media?parent=1125"}],"curies":[{"name":"wp","href":"https:\/\/api.w.org\/{rel}","templated":true}]}}